{"id":176,"date":"2021-03-23T07:57:50","date_gmt":"2021-03-23T06:57:50","guid":{"rendered":"https:\/\/test.sybrisoft.sk\/?page_id=176"},"modified":"2023-03-08T07:34:26","modified_gmt":"2023-03-08T06:34:26","slug":"portfolio","status":"publish","type":"page","link":"https:\/\/www.sybrisoft.sk\/en\/portfolio\/","title":{"rendered":"Portfolio"},"content":{"rendered":"<article data-id=\"167\">\n            <a href=\"https:\/\/test.sybrisoft.sk\/2021\/03\/22\/rezervacia-aut\/\"><\/a><br \/>\n<img decoding=\"async\" src=\"https:\/\/test.sybrisoft.sk\/wp-content\/uploads\/2021\/03\/aaron-huber-KxeFuXta4SE-unsplash-300x225.jpg\" alt=\"\"><\/p>\n<header>\n<h2><a href=\"https:\/\/test.sybrisoft.sk\/2021\/03\/22\/rezervacia-aut\/\" title=\"Rezerv\u00e1cia \u00e1ut\">Rezerv\u00e1cia \u00e1ut<\/a><\/h2>\n<\/header>\n<p>Produkt vytvoren\u00fd pre IMP systems Syst\u00e9m pre spr\u00e1vu rezerv\u00e1ci\u00ed firemn\u00fdch&#8230;<\/p>\n<p><a href=\"https:\/\/test.sybrisoft.sk\/2021\/03\/22\/rezervacia-aut\/\">Read More<\/a><br \/>\n<\/article>\n<article data-id=\"163\">\n            <a href=\"https:\/\/test.sybrisoft.sk\/2021\/03\/22\/ciarove-kody\/\"><\/a><br \/>\n<img decoding=\"async\" src=\"https:\/\/test.sybrisoft.sk\/wp-content\/uploads\/2021\/03\/mitya-ivanov-2HWkORIX3II-unsplash-300x200.jpg\" alt=\"\"><\/p>\n<header>\n<h2><a href=\"https:\/\/test.sybrisoft.sk\/2021\/03\/22\/ciarove-kody\/\" title=\"\u010ciarov\u00e9 k\u00f3dy\">\u010ciarov\u00e9 k\u00f3dy<\/a><\/h2>\n<\/header>\n<p>Produkt vytvoren\u00fd v spolupr\u00e1ci s PROSOFT s.r.o pre LPS SR,&#8230;<\/p>\n<p><a href=\"https:\/\/test.sybrisoft.sk\/2021\/03\/22\/ciarove-kody\/\">Read More<\/a><br \/>\n<\/article>\n<article data-id=\"162\">\n            <a href=\"https:\/\/test.sybrisoft.sk\/2021\/03\/22\/pop\/\"><\/a><br \/>\n<img decoding=\"async\" src=\"https:\/\/test.sybrisoft.sk\/wp-content\/uploads\/2021\/03\/zhipeng-ya-uUM_WvyXOvE-unsplash-300x200.jpg\" alt=\"\"><\/p>\n<header>\n<h2><a href=\"https:\/\/test.sybrisoft.sk\/2021\/03\/22\/pop\/\" title=\"POP\">POP<\/a><\/h2>\n<\/header>\n<p>Projekt prebiehal v spolupr\u00e1ci s PROSOFT s.r.o. pre \u017delezni\u010dn\u00fa spolo\u010dnos\u0165&#8230;<\/p>\n<p><a href=\"https:\/\/test.sybrisoft.sk\/2021\/03\/22\/pop\/\">Read More<\/a><br \/>\n<\/article>\n<article data-id=\"161\">\n            <a href=\"https:\/\/test.sybrisoft.sk\/2021\/03\/22\/obchodny-system-pre-autocar\/\"><\/a><br \/>\n<img decoding=\"async\" src=\"https:\/\/test.sybrisoft.sk\/wp-content\/uploads\/2021\/03\/aaron-huber-KxeFuXta4SE-unsplash-300x225.jpg\" alt=\"\"><\/p>\n<header>\n<h2><a href=\"https:\/\/test.sybrisoft.sk\/2021\/03\/22\/obchodny-system-pre-autocar\/\" title=\"Obchodn\u00fd syst\u00e9m pre Autocar\">Obchodn\u00fd syst\u00e9m pre Autocar<\/a><\/h2>\n<\/header>\n<p>Na \u00favod bola vykonan\u00e1 migr\u00e1cia vtedaj\u0161ieho syst\u00e9mu na najnov\u0161iu verziu&#8230;<\/p>\n<p><a href=\"https:\/\/test.sybrisoft.sk\/2021\/03\/22\/obchodny-system-pre-autocar\/\">Read More<\/a><br \/>\n<\/article>\n","protected":false},"excerpt":{"rendered":"<p>Rezerv\u00e1cia \u00e1ut Produkt vytvoren\u00fd pre IMP systems Syst\u00e9m pre spr\u00e1vu rezerv\u00e1ci\u00ed firemn\u00fdch&#8230; Read More \u010ciarov\u00e9 k\u00f3dy Produkt vytvoren\u00fd v spolupr\u00e1ci s PROSOFT s.r.o pre LPS SR,&#8230; Read More POP Projekt prebiehal v spolupr\u00e1ci s PROSOFT s.r.o. pre \u017delezni\u010dn\u00fa spolo\u010dnos\u0165&#8230; Read More Obchodn\u00fd syst\u00e9m pre Autocar Na \u00favod bola vykonan\u00e1 migr\u00e1cia vtedaj\u0161ieho syst\u00e9mu na najnov\u0161iu verziu&#8230; [&hellip;]<\/p>\n","protected":false},"author":4,"featured_media":0,"parent":0,"menu_order":0,"comment_status":"closed","ping_status":"closed","template":"","meta":{"_acf_changed":false,"footnotes":""},"class_list":["post-176","page","type-page","status-publish","hentry"],"translation":{"provider":"WPGlobus","version":"3.0.0","language":"en","enabled_languages":["sk","en"],"languages":{"sk":{"title":true,"content":true,"excerpt":false},"en":{"title":false,"content":false,"excerpt":false}}},"acf":[],"_links":{"self":[{"href":"https:\/\/www.sybrisoft.sk\/en\/wp-json\/wp\/v2\/pages\/176"}],"collection":[{"href":"https:\/\/www.sybrisoft.sk\/en\/wp-json\/wp\/v2\/pages"}],"about":[{"href":"https:\/\/www.sybrisoft.sk\/en\/wp-json\/wp\/v2\/types\/page"}],"author":[{"embeddable":true,"href":"https:\/\/www.sybrisoft.sk\/en\/wp-json\/wp\/v2\/users\/4"}],"replies":[{"embeddable":true,"href":"https:\/\/www.sybrisoft.sk\/en\/wp-json\/wp\/v2\/comments?post=176"}],"version-history":[{"count":6,"href":"https:\/\/www.sybrisoft.sk\/en\/wp-json\/wp\/v2\/pages\/176\/revisions"}],"predecessor-version":[{"id":195,"href":"https:\/\/www.sybrisoft.sk\/en\/wp-json\/wp\/v2\/pages\/176\/revisions\/195"}],"wp:attachment":[{"href":"https:\/\/www.sybrisoft.sk\/en\/wp-json\/wp\/v2\/media?parent=176"}],"curies":[{"name":"wp","href":"https:\/\/api.w.org\/{rel}","templated":true}]}}